{"id":2924,"date":"2021-07-20T10:32:58","date_gmt":"2021-07-20T08:32:58","guid":{"rendered":"https:\/\/dev.motionzonen.se\/about\/"},"modified":"2023-02-07T08:57:09","modified_gmt":"2023-02-07T07:57:09","slug":"en-droppe-lycka","status":"publish","type":"page","link":"https:\/\/motionzonen.se\/en\/en-droppe-lycka\/","title":{"rendered":"A drop of happiness"},"content":{"rendered":"<div data-elementor-type=\"wp-page\" data-elementor-id=\"2924\" class=\"elementor elementor-2924\">\n\t\t\t\t\t\t<section class=\"elementor-section elementor-top-section elementor-element elementor-element-f91d843 elementor-section-boxed elementor-section-height-default elementor-section-height-default\" data-id=\"f91d843\" data-element_type=\"section\" data-e-type=\"section\" data-settings=\"{&quot;background_background&quot;:&quot;classic&quot;}\">\n\t\t\t\t\t\t<div class=\"elementor-container elementor-column-gap-no\">\n\t\t\t\t\t<div class=\"elementor-column elementor-col-66 elementor-top-column elementor-element elementor-element-ae2bbdb\" data-id=\"ae2bbdb\" data-element_type=\"column\" data-e-type=\"column\">\n\t\t\t<div class=\"elementor-widget-wrap elementor-element-populated\">\n\t\t\t\t\t\t<div class=\"elementor-element elementor-element-6828115 elementor-widget elementor-widget-heading\" data-id=\"6828115\" data-element_type=\"widget\" data-e-type=\"widget\" data-widget_type=\"heading.default\">\n\t\t\t\t<div class=\"elementor-widget-container\">\n\t\t\t\t\t<h6 class=\"elementor-heading-title elementor-size-default\">About running and life<\/h6>\t\t\t\t<\/div>\n\t\t\t\t<\/div>\n\t\t\t\t<div class=\"elementor-element elementor-element-bebd7bc elementor-widget elementor-widget-heading\" data-id=\"bebd7bc\" data-element_type=\"widget\" data-e-type=\"widget\" data-widget_type=\"heading.default\">\n\t\t\t\t<div class=\"elementor-widget-container\">\n\t\t\t\t\t<h1 class=\"elementor-heading-title elementor-size-default\">A drop of happiness<\/h1>\t\t\t\t<\/div>\n\t\t\t\t<\/div>\n\t\t\t\t<div class=\"elementor-element elementor-element-1054bdf elementor-widget elementor-widget-text-editor\" data-id=\"1054bdf\" data-element_type=\"widget\" data-e-type=\"widget\" data-widget_type=\"text-editor.default\">\n\t\t\t\t<div class=\"elementor-widget-container\">\n\t\t\t\t\t\t\t\t\t<p>The website Motionzonen and Everyday Adventures started as a simple diary and photo album for me and Lotta where we collected our everyday adventures and the drops of happiness we experienced along the way. As others showed interest in our everyday adventures, it became more like a photo blog. I also had a place to describe and collect impressions from different races I participated in under the tab Race Reports. When we almost reached our 100th everyday adventure in November 2017, I decided to continue writing in a blog about life and running.<\/p><p class=\"translation-block\">The idea behind the blog is to write about things that interest me and that feel developmentally challenging to put into words. Themes like lifestyle and values, training and stress, happiness and well-being, habits and behavioral changes, motivation and drives, performance and recovery, health and vitality, and of course running, which is the activity closest to my heart.<\/p><p>A lot of this is also things that I work with on a daily basis in my work as a psychologist and that I struggle with in my own life.<\/p>\t\t\t\t\t\t\t\t<\/div>\n\t\t\t\t<\/div>\n\t\t\t\t\t<\/div>\n\t\t<\/div>\n\t\t\t\t<div class=\"elementor-column elementor-col-33 elementor-top-column elementor-element elementor-element-47b3f62\" data-id=\"47b3f62\" data-element_type=\"column\" data-e-type=\"column\">\n\t\t\t<div class=\"elementor-widget-wrap elementor-element-populated\">\n\t\t\t\t\t\t<div class=\"elementor-element elementor-element-501909c elementor-widget elementor-widget-image\" data-id=\"501909c\" data-element_type=\"widget\" data-e-type=\"widget\" data-widget_type=\"image.default\">\n\t\t\t\t<div class=\"elementor-widget-container\">\n\t\t\t\t\t\t\t\t\t\t\t\t<figure class=\"wp-caption\">\n\t\t\t\t\t\t\t\t\t\t<img fetchpriority=\"high\" decoding=\"async\" width=\"480\" height=\"640\" src=\"https:\/\/motionzonen.se\/wp-content\/uploads\/2023\/01\/i286260064367352173._szw480h1280_.jpg\" class=\"attachment-full size-full wp-image-3856\" alt=\"\" srcset=\"https:\/\/motionzonen.se\/wp-content\/uploads\/2023\/01\/i286260064367352173._szw480h1280_.jpg 480w, https:\/\/motionzonen.se\/wp-content\/uploads\/2023\/01\/i286260064367352173._szw480h1280_-225x300.jpg 225w, https:\/\/motionzonen.se\/wp-content\/uploads\/2023\/01\/i286260064367352173._szw480h1280_-9x12.jpg 9w\" sizes=\"(max-width: 480px) 100vw, 480px\" \/>\t\t\t\t\t\t\t\t\t\t\t<figcaption class=\"widget-image-caption wp-caption-text\"><\/figcaption>\n\t\t\t\t\t\t\t\t\t\t<\/figure>\n\t\t\t\t\t\t\t\t\t<\/div>\n\t\t\t\t<\/div>\n\t\t\t\t\t<\/div>\n\t\t<\/div>\n\t\t\t\t\t<\/div>\n\t\t<\/section>\n\t\t\t\t<section class=\"elementor-section elementor-top-section elementor-element elementor-element-1dadacb elementor-section-boxed elementor-section-height-default elementor-section-height-default\" data-id=\"1dadacb\" data-element_type=\"section\" data-e-type=\"section\" data-settings=\"{&quot;background_background&quot;:&quot;classic&quot;}\">\n\t\t\t\t\t\t<div class=\"elementor-container elementor-column-gap-no\">\n\t\t\t\t\t<div class=\"elementor-column elementor-col-100 elementor-top-column elementor-element elementor-element-7aa7496\" data-id=\"7aa7496\" data-element_type=\"column\" data-e-type=\"column\">\n\t\t\t<div class=\"elementor-widget-wrap elementor-element-populated\">\n\t\t\t\t\t\t<div class=\"elementor-element elementor-element-d08612c elementor-widget elementor-widget-text-editor\" data-id=\"d08612c\" data-element_type=\"widget\" data-e-type=\"widget\" data-widget_type=\"text-editor.default\">\n\t\t\t\t<div class=\"elementor-widget-container\">\n\t\t\t\t\t\t\t\t\t<p>Blogging has become an important way for me to gather my thoughts on various topics and share them in a hopefully understandable and inspiring way. Furthermore, it aligns with my values and what I once decided when studying psychology, to contribute practical and accessible psychology.\u00a0<\/p>\t\t\t\t\t\t\t\t<\/div>\n\t\t\t\t<\/div>\n\t\t\t\t<div class=\"elementor-element elementor-element-fcae259 elementor-align-left elementor-widget elementor-widget-button\" data-id=\"fcae259\" data-element_type=\"widget\" data-e-type=\"widget\" data-widget_type=\"button.default\">\n\t\t\t\t<div class=\"elementor-widget-container\">\n\t\t\t\t\t\t\t\t\t<div class=\"elementor-button-wrapper\">\n\t\t\t\t\t<a class=\"elementor-button elementor-button-link elementor-size-sm\" href=\"\/en\/om-livet-och-lopning\/\">\n\t\t\t\t\t\t<span class=\"elementor-button-content-wrapper\">\n\t\t\t\t\t\t\t\t\t<span class=\"elementor-button-text\">L\u00e4s bloggen<\/span>\n\t\t\t\t\t<\/span>\n\t\t\t\t\t<\/a>\n\t\t\t\t<\/div>\n\t\t\t\t\t\t\t\t<\/div>\n\t\t\t\t<\/div>\n\t\t\t\t\t<\/div>\n\t\t<\/div>\n\t\t\t\t\t<\/div>\n\t\t<\/section>\n\t\t\t\t<\/div>","protected":false},"excerpt":{"rendered":"<p>Om livet och l\u00f6pning En droppe lycka Webbsidan Motionzonen och \u00c4ventyr i vardagen startade som en enkel dagbok och fotoalbum f\u00f6r mig och Lotta d\u00e4r vi samlade v\u00e5ra vardags\u00e4ventyr. Genom att andra visade intresse f\u00f6r v\u00e5ra vardags\u00e4ventyr blev det mer som en fotoblogg. Jag fick \u00e4ven en plats att beskriva och samla intrycken fr\u00e5n olika [&hellip;]<\/p>\n","protected":false},"author":1,"featured_media":2039,"parent":0,"menu_order":0,"comment_status":"closed","ping_status":"closed","template":"","meta":{"_acf_changed":false,"site-sidebar-layout":"no-sidebar","site-content-layout":"page-builder","ast-site-content-layout":"default","site-content-style":"default","site-sidebar-style":"default","ast-global-header-display":"","ast-banner-title-visibility":"","ast-main-header-display":"","ast-hfb-above-header-display":"","ast-hfb-below-header-display":"","ast-hfb-mobile-header-display":"","site-post-title":"disabled","ast-breadcrumbs-content":"disabled","ast-featured-img":"disabled","footer-sml-layout":"","ast-disable-related-posts":"","theme-transparent-header-meta":"default","adv-header-id-meta":"","stick-header-meta":"","header-above-stick-meta":"","header-main-stick-meta":"","header-below-stick-meta":"","astra-migrate-meta-layouts":"default","ast-page-background-enabled":"default","ast-page-background-meta":{"desktop":{"background-color":"","background-image":"","background-repeat":"repeat","background-position":"center center","background-size":"auto","background-attachment":"scroll","background-type":"","background-media":"","overlay-type":"","overlay-color":"","overlay-opacity":"","overlay-gradient":""},"tablet":{"background-color":"","background-image":"","background-repeat":"repeat","background-position":"center center","background-size":"auto","background-attachment":"scroll","background-type":"","background-media":"","overlay-type":"","overlay-color":"","overlay-opacity":"","overlay-gradient":""},"mobile":{"background-color":"","background-image":"","background-repeat":"repeat","background-position":"center center","background-size":"auto","background-attachment":"scroll","background-type":"","background-media":"","overlay-type":"","overlay-color":"","overlay-opacity":"","overlay-gradient":""}},"ast-content-background-meta":{"desktop":{"background-color":"var(--ast-global-color-5)","background-image":"","background-repeat":"repeat","background-position":"center center","background-size":"auto","background-attachment":"scroll","background-type":"","background-media":"","overlay-type":"","overlay-color":"","overlay-opacity":"","overlay-gradient":""},"tablet":{"background-color":"var(--ast-global-color-5)","background-image":"","background-repeat":"repeat","background-position":"center center","background-size":"auto","background-attachment":"scroll","background-type":"","background-media":"","overlay-type":"","overlay-color":"","overlay-opacity":"","overlay-gradient":""},"mobile":{"background-color":"var(--ast-global-color-5)","background-image":"","background-repeat":"repeat","background-position":"center center","background-size":"auto","background-attachment":"scroll","background-type":"","background-media":"","overlay-type":"","overlay-color":"","overlay-opacity":"","overlay-gradient":""}},"_FSMCFIC_featured_image_caption":"","_FSMCFIC_featured_image_nocaption":"","_FSMCFIC_featured_image_hide":"","footnotes":""},"class_list":["post-2924","page","type-page","status-publish","has-post-thumbnail","hentry"],"acf":[],"yoast_head":"<!-- This site is optimized with the Yoast SEO plugin v27.3 - https:\/\/yoast.com\/product\/yoast-seo-wordpress\/ -->\n<title>En droppe lycka - Motionzonen<\/title>\n<meta name=\"robots\" content=\"index, follow, max-snippet:-1, max-image-preview:large, max-video-preview:-1\" \/>\n<link rel=\"canonical\" href=\"https:\/\/motionzonen.se\/en\/en-droppe-lycka\/\" \/>\n<meta property=\"og:locale\" content=\"en_US\" \/>\n<meta property=\"og:type\" content=\"article\" \/>\n<meta property=\"og:title\" content=\"En droppe lycka - Motionzonen\" \/>\n<meta property=\"og:description\" content=\"Om livet och l\u00f6pning En droppe lycka Webbsidan Motionzonen och \u00c4ventyr i vardagen startade som en enkel dagbok och fotoalbum f\u00f6r mig och Lotta d\u00e4r vi samlade v\u00e5ra vardags\u00e4ventyr. Genom att andra visade intresse f\u00f6r v\u00e5ra vardags\u00e4ventyr blev det mer som en fotoblogg. Jag fick \u00e4ven en plats att beskriva och samla intrycken fr\u00e5n olika [&hellip;]\" \/>\n<meta property=\"og:url\" content=\"https:\/\/motionzonen.se\/en\/en-droppe-lycka\/\" \/>\n<meta property=\"og:site_name\" content=\"Motionzonen\" \/>\n<meta property=\"article:modified_time\" content=\"2023-02-07T07:57:09+00:00\" \/>\n<meta property=\"og:image\" content=\"https:\/\/motionzonen.se\/wp-content\/uploads\/bilder-fran-gamla-sidan\/i286260064338854349-e1675182679978.jpg\" \/>\n\t<meta property=\"og:image:width\" content=\"400\" \/>\n\t<meta property=\"og:image:height\" content=\"300\" \/>\n\t<meta property=\"og:image:type\" content=\"image\/jpeg\" \/>\n<meta name=\"twitter:card\" content=\"summary_large_image\" \/>\n<meta name=\"twitter:label1\" content=\"Est. reading time\" \/>\n\t<meta name=\"twitter:data1\" content=\"2 minutes\" \/>\n<script type=\"application\/ld+json\" class=\"yoast-schema-graph\">{\"@context\":\"https:\\\/\\\/schema.org\",\"@graph\":[{\"@type\":\"WebPage\",\"@id\":\"https:\\\/\\\/motionzonen.se\\\/en-droppe-lycka\\\/\",\"url\":\"https:\\\/\\\/motionzonen.se\\\/en-droppe-lycka\\\/\",\"name\":\"En droppe lycka - Motionzonen\",\"isPartOf\":{\"@id\":\"https:\\\/\\\/motionzonen.se\\\/#website\"},\"primaryImageOfPage\":{\"@id\":\"https:\\\/\\\/motionzonen.se\\\/en-droppe-lycka\\\/#primaryimage\"},\"image\":{\"@id\":\"https:\\\/\\\/motionzonen.se\\\/en-droppe-lycka\\\/#primaryimage\"},\"thumbnailUrl\":\"https:\\\/\\\/motionzonen.se\\\/wp-content\\\/uploads\\\/bilder-fran-gamla-sidan\\\/i286260064338854349-e1675182679978.jpg\",\"datePublished\":\"2021-07-20T08:32:58+00:00\",\"dateModified\":\"2023-02-07T07:57:09+00:00\",\"breadcrumb\":{\"@id\":\"https:\\\/\\\/motionzonen.se\\\/en-droppe-lycka\\\/#breadcrumb\"},\"inLanguage\":\"en-US\",\"potentialAction\":[{\"@type\":\"ReadAction\",\"target\":[\"https:\\\/\\\/motionzonen.se\\\/en-droppe-lycka\\\/\"]}]},{\"@type\":\"ImageObject\",\"inLanguage\":\"en-US\",\"@id\":\"https:\\\/\\\/motionzonen.se\\\/en-droppe-lycka\\\/#primaryimage\",\"url\":\"https:\\\/\\\/motionzonen.se\\\/wp-content\\\/uploads\\\/bilder-fran-gamla-sidan\\\/i286260064338854349-e1675182679978.jpg\",\"contentUrl\":\"https:\\\/\\\/motionzonen.se\\\/wp-content\\\/uploads\\\/bilder-fran-gamla-sidan\\\/i286260064338854349-e1675182679978.jpg\",\"width\":400,\"height\":300},{\"@type\":\"BreadcrumbList\",\"@id\":\"https:\\\/\\\/motionzonen.se\\\/en-droppe-lycka\\\/#breadcrumb\",\"itemListElement\":[{\"@type\":\"ListItem\",\"position\":1,\"name\":\"Hem\",\"item\":\"https:\\\/\\\/motionzonen.se\\\/\"},{\"@type\":\"ListItem\",\"position\":2,\"name\":\"En droppe lycka\"}]},{\"@type\":\"WebSite\",\"@id\":\"https:\\\/\\\/motionzonen.se\\\/#website\",\"url\":\"https:\\\/\\\/motionzonen.se\\\/\",\"name\":\"Motionzonen\",\"description\":\"\",\"publisher\":{\"@id\":\"https:\\\/\\\/motionzonen.se\\\/#organization\"},\"potentialAction\":[{\"@type\":\"SearchAction\",\"target\":{\"@type\":\"EntryPoint\",\"urlTemplate\":\"https:\\\/\\\/motionzonen.se\\\/?s={search_term_string}\"},\"query-input\":{\"@type\":\"PropertyValueSpecification\",\"valueRequired\":true,\"valueName\":\"search_term_string\"}}],\"inLanguage\":\"en-US\"},{\"@type\":\"Organization\",\"@id\":\"https:\\\/\\\/motionzonen.se\\\/#organization\",\"name\":\"Motionzonen\",\"url\":\"https:\\\/\\\/motionzonen.se\\\/\",\"logo\":{\"@type\":\"ImageObject\",\"inLanguage\":\"en-US\",\"@id\":\"https:\\\/\\\/motionzonen.se\\\/#\\\/schema\\\/logo\\\/image\\\/\",\"url\":\"https:\\\/\\\/motionzonen.se\\\/wp-content\\\/uploads\\\/2023\\\/01\\\/motionzonen-noBG.png\",\"contentUrl\":\"https:\\\/\\\/motionzonen.se\\\/wp-content\\\/uploads\\\/2023\\\/01\\\/motionzonen-noBG.png\",\"width\":1256,\"height\":625,\"caption\":\"Motionzonen\"},\"image\":{\"@id\":\"https:\\\/\\\/motionzonen.se\\\/#\\\/schema\\\/logo\\\/image\\\/\"}}]}<\/script>\n<!-- \/ Yoast SEO plugin. -->","yoast_head_json":{"title":"En droppe lycka - Motionzonen","robots":{"index":"index","follow":"follow","max-snippet":"max-snippet:-1","max-image-preview":"max-image-preview:large","max-video-preview":"max-video-preview:-1"},"canonical":"https:\/\/motionzonen.se\/en\/en-droppe-lycka\/","og_locale":"en_US","og_type":"article","og_title":"En droppe lycka - Motionzonen","og_description":"Om livet och l\u00f6pning En droppe lycka Webbsidan Motionzonen och \u00c4ventyr i vardagen startade som en enkel dagbok och fotoalbum f\u00f6r mig och Lotta d\u00e4r vi samlade v\u00e5ra vardags\u00e4ventyr. Genom att andra visade intresse f\u00f6r v\u00e5ra vardags\u00e4ventyr blev det mer som en fotoblogg. Jag fick \u00e4ven en plats att beskriva och samla intrycken fr\u00e5n olika [&hellip;]","og_url":"https:\/\/motionzonen.se\/en\/en-droppe-lycka\/","og_site_name":"Motionzonen","article_modified_time":"2023-02-07T07:57:09+00:00","og_image":[{"width":400,"height":300,"url":"https:\/\/motionzonen.se\/wp-content\/uploads\/bilder-fran-gamla-sidan\/i286260064338854349-e1675182679978.jpg","type":"image\/jpeg"}],"twitter_card":"summary_large_image","twitter_misc":{"Est. reading time":"2 minutes"},"schema":{"@context":"https:\/\/schema.org","@graph":[{"@type":"WebPage","@id":"https:\/\/motionzonen.se\/en-droppe-lycka\/","url":"https:\/\/motionzonen.se\/en-droppe-lycka\/","name":"En droppe lycka - Motionzonen","isPartOf":{"@id":"https:\/\/motionzonen.se\/#website"},"primaryImageOfPage":{"@id":"https:\/\/motionzonen.se\/en-droppe-lycka\/#primaryimage"},"image":{"@id":"https:\/\/motionzonen.se\/en-droppe-lycka\/#primaryimage"},"thumbnailUrl":"https:\/\/motionzonen.se\/wp-content\/uploads\/bilder-fran-gamla-sidan\/i286260064338854349-e1675182679978.jpg","datePublished":"2021-07-20T08:32:58+00:00","dateModified":"2023-02-07T07:57:09+00:00","breadcrumb":{"@id":"https:\/\/motionzonen.se\/en-droppe-lycka\/#breadcrumb"},"inLanguage":"en-US","potentialAction":[{"@type":"ReadAction","target":["https:\/\/motionzonen.se\/en-droppe-lycka\/"]}]},{"@type":"ImageObject","inLanguage":"en-US","@id":"https:\/\/motionzonen.se\/en-droppe-lycka\/#primaryimage","url":"https:\/\/motionzonen.se\/wp-content\/uploads\/bilder-fran-gamla-sidan\/i286260064338854349-e1675182679978.jpg","contentUrl":"https:\/\/motionzonen.se\/wp-content\/uploads\/bilder-fran-gamla-sidan\/i286260064338854349-e1675182679978.jpg","width":400,"height":300},{"@type":"BreadcrumbList","@id":"https:\/\/motionzonen.se\/en-droppe-lycka\/#breadcrumb","itemListElement":[{"@type":"ListItem","position":1,"name":"Hem","item":"https:\/\/motionzonen.se\/"},{"@type":"ListItem","position":2,"name":"En droppe lycka"}]},{"@type":"WebSite","@id":"https:\/\/motionzonen.se\/#website","url":"https:\/\/motionzonen.se\/","name":"Motionzonen","description":"","publisher":{"@id":"https:\/\/motionzonen.se\/#organization"},"potentialAction":[{"@type":"SearchAction","target":{"@type":"EntryPoint","urlTemplate":"https:\/\/motionzonen.se\/?s={search_term_string}"},"query-input":{"@type":"PropertyValueSpecification","valueRequired":true,"valueName":"search_term_string"}}],"inLanguage":"en-US"},{"@type":"Organization","@id":"https:\/\/motionzonen.se\/#organization","name":"Motionzonen","url":"https:\/\/motionzonen.se\/","logo":{"@type":"ImageObject","inLanguage":"en-US","@id":"https:\/\/motionzonen.se\/#\/schema\/logo\/image\/","url":"https:\/\/motionzonen.se\/wp-content\/uploads\/2023\/01\/motionzonen-noBG.png","contentUrl":"https:\/\/motionzonen.se\/wp-content\/uploads\/2023\/01\/motionzonen-noBG.png","width":1256,"height":625,"caption":"Motionzonen"},"image":{"@id":"https:\/\/motionzonen.se\/#\/schema\/logo\/image\/"}}]}},"_links":{"self":[{"href":"https:\/\/motionzonen.se\/en\/wp-json\/wp\/v2\/pages\/2924","targetHints":{"allow":["GET"]}}],"collection":[{"href":"https:\/\/motionzonen.se\/en\/wp-json\/wp\/v2\/pages"}],"about":[{"href":"https:\/\/motionzonen.se\/en\/wp-json\/wp\/v2\/types\/page"}],"author":[{"embeddable":true,"href":"https:\/\/motionzonen.se\/en\/wp-json\/wp\/v2\/users\/1"}],"replies":[{"embeddable":true,"href":"https:\/\/motionzonen.se\/en\/wp-json\/wp\/v2\/comments?post=2924"}],"version-history":[{"count":58,"href":"https:\/\/motionzonen.se\/en\/wp-json\/wp\/v2\/pages\/2924\/revisions"}],"predecessor-version":[{"id":4263,"href":"https:\/\/motionzonen.se\/en\/wp-json\/wp\/v2\/pages\/2924\/revisions\/4263"}],"wp:featuredmedia":[{"embeddable":true,"href":"https:\/\/motionzonen.se\/en\/wp-json\/wp\/v2\/media\/2039"}],"wp:attachment":[{"href":"https:\/\/motionzonen.se\/en\/wp-json\/wp\/v2\/media?parent=2924"}],"curies":[{"name":"wp","href":"https:\/\/api.w.org\/{rel}","templated":true}]}}