{"id":3865,"date":"2023-01-10T14:40:21","date_gmt":"2023-01-10T13:40:21","guid":{"rendered":"https:\/\/dev.motionzonen.se\/?page_id=3865"},"modified":"2024-03-07T13:45:34","modified_gmt":"2024-03-07T12:45:34","slug":"50-nya-vardagsaventyr","status":"publish","type":"page","link":"https:\/\/motionzonen.se\/en\/50-nya-vardagsaventyr\/","title":{"rendered":"50 new Adventures 2017"},"content":{"rendered":"<div data-elementor-type=\"wp-page\" data-elementor-id=\"3865\" class=\"elementor elementor-3865\">\n\t\t\t\t\t\t<section class=\"elementor-section elementor-top-section elementor-element elementor-element-f91d843 elementor-section-boxed elementor-section-height-default elementor-section-height-default\" data-id=\"f91d843\" data-element_type=\"section\" data-e-type=\"section\" data-settings=\"{&quot;background_background&quot;:&quot;classic&quot;}\">\n\t\t\t\t\t\t<div class=\"elementor-container elementor-column-gap-no\">\n\t\t\t\t\t<div class=\"elementor-column elementor-col-66 elementor-top-column elementor-element elementor-element-ae2bbdb\" data-id=\"ae2bbdb\" data-element_type=\"column\" data-e-type=\"column\">\n\t\t\t<div class=\"elementor-widget-wrap elementor-element-populated\">\n\t\t\t\t\t\t<div class=\"elementor-element elementor-element-6828115 elementor-widget elementor-widget-heading\" data-id=\"6828115\" data-element_type=\"widget\" data-e-type=\"widget\" data-widget_type=\"heading.default\">\n\t\t\t\t<div class=\"elementor-widget-container\">\n\t\t\t\t\t<h6 class=\"elementor-heading-title elementor-size-default\">50 new adventures<\/h6>\t\t\t\t<\/div>\n\t\t\t\t<\/div>\n\t\t\t\t<div class=\"elementor-element elementor-element-bebd7bc elementor-widget elementor-widget-heading\" data-id=\"bebd7bc\" data-element_type=\"widget\" data-e-type=\"widget\" data-widget_type=\"heading.default\">\n\t\t\t\t<div class=\"elementor-widget-container\">\n\t\t\t\t\t<h1 class=\"elementor-heading-title elementor-size-default\">50 new Adventures 2017<\/h1>\t\t\t\t<\/div>\n\t\t\t\t<\/div>\n\t\t\t\t<div class=\"elementor-element elementor-element-1054bdf elementor-widget elementor-widget-text-editor\" data-id=\"1054bdf\" data-element_type=\"widget\" data-e-type=\"widget\" data-widget_type=\"text-editor.default\">\n\t\t\t\t<div class=\"elementor-widget-container\">\n\t\t\t\t\t\t\t\t\t<p class=\"translation-block\">Now, Lotta and I are betting on 50 new everyday adventures. After our first 50 everyday adventures in 2016, we got a taste for a day with a little more content and experiences. The recovery and sense of toghetherness is in the simple things that just require that little, little extra. To get up a little earlier together and admire the sunrise, to climb up that little mountain you've seen from the car or to swim in that lake you've run past so many times.<\/p>\t\t\t\t\t\t\t\t<\/div>\n\t\t\t\t<\/div>\n\t\t\t\t\t<\/div>\n\t\t<\/div>\n\t\t\t\t<div class=\"elementor-column elementor-col-33 elementor-top-column elementor-element elementor-element-47b3f62\" data-id=\"47b3f62\" data-element_type=\"column\" data-e-type=\"column\">\n\t\t\t<div class=\"elementor-widget-wrap elementor-element-populated\">\n\t\t\t\t\t\t<div class=\"elementor-element elementor-element-501909c elementor-widget elementor-widget-image\" data-id=\"501909c\" data-element_type=\"widget\" data-e-type=\"widget\" data-widget_type=\"image.default\">\n\t\t\t\t<div class=\"elementor-widget-container\">\n\t\t\t\t\t\t\t\t\t\t\t\t\t\t\t<img fetchpriority=\"high\" decoding=\"async\" width=\"1280\" height=\"960\" src=\"https:\/\/motionzonen.se\/wp-content\/uploads\/2023\/01\/i286260064329201251.jpeg\" class=\"attachment-full size-full wp-image-3878\" alt=\"\" srcset=\"https:\/\/motionzonen.se\/wp-content\/uploads\/2023\/01\/i286260064329201251.jpeg 1280w, https:\/\/motionzonen.se\/wp-content\/uploads\/2023\/01\/i286260064329201251-300x225.jpeg 300w, https:\/\/motionzonen.se\/wp-content\/uploads\/2023\/01\/i286260064329201251-1024x768.jpeg 1024w, https:\/\/motionzonen.se\/wp-content\/uploads\/2023\/01\/i286260064329201251-768x576.jpeg 768w, https:\/\/motionzonen.se\/wp-content\/uploads\/2023\/01\/i286260064329201251-16x12.jpeg 16w\" sizes=\"(max-width: 1280px) 100vw, 1280px\" \/>\t\t\t\t\t\t\t\t\t\t\t\t\t\t\t<\/div>\n\t\t\t\t<\/div>\n\t\t\t\t<div class=\"elementor-element elementor-element-4cdf040 elementor-widget elementor-widget-text-editor\" data-id=\"4cdf040\" data-element_type=\"widget\" data-e-type=\"widget\" data-widget_type=\"text-editor.default\">\n\t\t\t\t<div class=\"elementor-widget-container\">\n\t\t\t\t\t\t\t\t\t<p><em>En fin morgon p\u00e5 ett nyfruset hav<\/em><\/p>\t\t\t\t\t\t\t\t<\/div>\n\t\t\t\t<\/div>\n\t\t\t\t\t<\/div>\n\t\t<\/div>\n\t\t\t\t\t<\/div>\n\t\t<\/section>\n\t\t\t\t<section class=\"elementor-section elementor-top-section elementor-element elementor-element-5859b1a elementor-section-boxed elementor-section-height-default elementor-section-height-default\" data-id=\"5859b1a\" data-element_type=\"section\" data-e-type=\"section\" data-settings=\"{&quot;background_background&quot;:&quot;classic&quot;}\">\n\t\t\t\t\t\t<div class=\"elementor-container elementor-column-gap-no\">\n\t\t\t\t\t<div class=\"elementor-column elementor-col-66 elementor-top-column elementor-element elementor-element-ba4e979\" data-id=\"ba4e979\" data-element_type=\"column\" data-e-type=\"column\">\n\t\t\t<div class=\"elementor-widget-wrap elementor-element-populated\">\n\t\t\t\t\t\t<div class=\"elementor-element elementor-element-84b1abb elementor-widget elementor-widget-heading\" data-id=\"84b1abb\" data-element_type=\"widget\" data-e-type=\"widget\" data-widget_type=\"heading.default\">\n\t\t\t\t<div class=\"elementor-widget-container\">\n\t\t\t\t\t<h1 class=\"elementor-heading-title elementor-size-default\">100 Everyday adventures 2016-2017<\/h1>\t\t\t\t<\/div>\n\t\t\t\t<\/div>\n\t\t\t\t<div class=\"elementor-element elementor-element-742635f elementor-widget elementor-widget-text-editor\" data-id=\"742635f\" data-element_type=\"widget\" data-e-type=\"widget\" data-widget_type=\"text-editor.default\">\n\t\t\t\t<div class=\"elementor-widget-container\">\n\t\t\t\t\t\t\t\t\t<p class=\"textnormal\">Sandarne, December 27th, 2017<\/p><p class=\"textnormal\">We have now completed 100 everyday adventures and, at least temporarily, decided to discontinue the adventure project. Instead, we think small adventures in nature should continue to be a natural part of life. Below you will find some of our favorites from 2017.<\/p>\t\t\t\t\t\t\t\t<\/div>\n\t\t\t\t<\/div>\n\t\t\t\t<section class=\"elementor-section elementor-inner-section elementor-element elementor-element-f855954 elementor-section-boxed elementor-section-height-default elementor-section-height-default\" data-id=\"f855954\" data-element_type=\"section\" data-e-type=\"section\">\n\t\t\t\t\t\t<div class=\"elementor-container elementor-column-gap-default\">\n\t\t\t\t\t<div class=\"elementor-column elementor-col-50 elementor-inner-column elementor-element elementor-element-583eaa9\" data-id=\"583eaa9\" data-element_type=\"column\" data-e-type=\"column\">\n\t\t\t<div class=\"elementor-widget-wrap elementor-element-populated\">\n\t\t\t\t\t\t<div class=\"elementor-element elementor-element-8d35f1d elementor-widget elementor-widget-text-editor\" data-id=\"8d35f1d\" data-element_type=\"widget\" data-e-type=\"widget\" data-widget_type=\"text-editor.default\">\n\t\t\t\t<div class=\"elementor-widget-container\">\n\t\t\t\t\t\t\t\t\t<div class=\"Preview_row__3Fkye row\"><div class=\"Preview_componentWrapper__2i4QI\" data-id=\"1F289864-31BD-433D-B91E-D7E0BD5FD4F9\" data-kind=\"TEXT\"><div class=\"Preview_component__SbiKo text-align-null\" data-in-template=\"false\" data-id=\"1F289864-31BD-433D-B91E-D7E0BD5FD4F9\" data-kind=\"Component\" data-specific-kind=\"TEXT\"><div class=\"styles_contentContainer__lrPIa textnormal styles_text__3jGMu\" data-mve-font-change=\"0\"><p class=\"textnormal\" style=\"text-align: left;\"><a class=\"textnormal\" title=\"1. Danf&amp;#246;redopparedan\" href=\"\/en\/50-nya-aventyr\/1-danforedopparedan\/\">1. The evening before Christmas<\/a><\/p><p class=\"textnormal\"><a class=\"textnormal\" title=\"2. New Year SUP\" href=\"\/en\/50-nya-aventyr\/2-new-year-sup\/\">2. New Year SUP<\/a><\/p><\/div><\/div><\/div><\/div><div class=\"Preview_row__3Fkye row\"><div class=\"Preview_componentWrapper__2i4QI\" data-id=\"26B6A7DD-5B8F-48C1-9B0A-DCCD6587D389\" data-kind=\"TEXT\"><div class=\"Preview_component__SbiKo text-align-null\" data-in-template=\"false\" data-id=\"26B6A7DD-5B8F-48C1-9B0A-DCCD6587D389\" data-kind=\"Component\" data-specific-kind=\"TEXT\"><div class=\"styles_contentContainer__lrPIa textnormal styles_text__3jGMu\" data-mve-font-change=\"0\"><p class=\"textnormal\"><a class=\"textnormal\" title=\"5. MTB-tur p&amp;#229; isen\" href=\"\/en\/50-nya-aventyr\/5-mtb-tur-pa-isen\/\">5. MTB ride on the ice<\/a><\/p><p class=\"textnormal\"><a class=\"textnormal\" title=\"8. Sunrise Sandsk&amp;#228;r\" href=\"\/en\/50-nya-aventyr\/8-sunrise-sandskar\/\">8. Sunrise Sandsk\u00e4r<\/a><\/p><p class=\"textnormal\"><a class=\"textnormal\" href=\"\/en\/50-nya-aventyr\/14-sunrisesup\/\">14. Sunrise SUP<\/a><\/p><p class=\"textnormal\"><a class=\"textnormal\" href=\"\/en\/50-nya-aventyr\/28-surfski-varpen\/\">28. Surfski Varpen<\/a><\/p><\/div><\/div><\/div><\/div>\t\t\t\t\t\t\t\t<\/div>\n\t\t\t\t<\/div>\n\t\t\t\t\t<\/div>\n\t\t<\/div>\n\t\t\t\t<div class=\"elementor-column elementor-col-50 elementor-inner-column elementor-element elementor-element-b742b7e\" data-id=\"b742b7e\" data-element_type=\"column\" data-e-type=\"column\">\n\t\t\t<div class=\"elementor-widget-wrap elementor-element-populated\">\n\t\t\t\t\t\t<div class=\"elementor-element elementor-element-5a94231 elementor-widget elementor-widget-text-editor\" data-id=\"5a94231\" data-element_type=\"widget\" data-e-type=\"widget\" data-widget_type=\"text-editor.default\">\n\t\t\t\t<div class=\"elementor-widget-container\">\n\t\t\t\t\t\t\t\t\t<p class=\"textnormal\"><a class=\"textnormal\" title=\"31. MTB Hexsupem\" href=\"\/en\/50-nya-aventyr\/31-mtb-hexsupem\/\">31. MTB Hexsupem<\/a><\/p><p class=\"textnormal\"><a class=\"textnormal\" href=\"\/en\/50-nya-aventyr\/32-midsommarsurfski\/\">32. Midsummer surfski<\/a><\/p><p class=\"textnormal\"><a class=\"textnormal\" title=\"36. OW and SUP\" href=\"\/en\/50-nya-aventyr\/36-ow-and-sup\/\">36. OW and SUP<\/a><\/p><p class=\"textnormal\"><a class=\"textnormal\" title=\"43. Sunset swim\" href=\"\/en\/50-nya-aventyr\/43-sunset-swim\/\">43. Sunset swim<\/a><\/p><p class=\"textnormal\"><a class=\"textnormal\" title=\"45. Lanterna dive\" href=\"\/en\/50-nya-aventyr\/45-lanterna-dive\/\">45. Lanterna dive<\/a><\/p><p class=\"textnormal\"><a class=\"textnormal\" title=\"100. J&amp;#228;rvs&amp;#246;klack\" href=\"\/en\/50-nya-aventyr\/100-jarvsoklack-4\/\">100. J\u00e4rvs\u00f6klack mountain trek<\/a><\/p>\t\t\t\t\t\t\t\t<\/div>\n\t\t\t\t<\/div>\n\t\t\t\t\t<\/div>\n\t\t<\/div>\n\t\t\t\t\t<\/div>\n\t\t<\/section>\n\t\t\t\t<div class=\"elementor-element elementor-element-86ec7b8 elementor-align-left elementor-widget elementor-widget-button\" data-id=\"86ec7b8\" data-element_type=\"widget\" data-e-type=\"widget\" data-widget_type=\"button.default\">\n\t\t\t\t<div class=\"elementor-widget-container\">\n\t\t\t\t\t\t\t\t\t<div class=\"elementor-button-wrapper\">\n\t\t\t\t\t<a class=\"elementor-button elementor-button-link elementor-size-sm\" href=\"\/en\/50-nya-aventyr\/\">\n\t\t\t\t\t\t<span class=\"elementor-button-content-wrapper\">\n\t\t\t\t\t\t\t\t\t<span class=\"elementor-button-text\">GO TO OUR ADVENTURES<\/span>\n\t\t\t\t\t<\/span>\n\t\t\t\t\t<\/a>\n\t\t\t\t<\/div>\n\t\t\t\t\t\t\t\t<\/div>\n\t\t\t\t<\/div>\n\t\t\t\t\t<\/div>\n\t\t<\/div>\n\t\t\t\t<div class=\"elementor-column elementor-col-33 elementor-top-column elementor-element elementor-element-c5cf926\" data-id=\"c5cf926\" data-element_type=\"column\" data-e-type=\"column\">\n\t\t\t<div class=\"elementor-widget-wrap elementor-element-populated\">\n\t\t\t\t\t\t<div class=\"elementor-element elementor-element-23bc472 elementor-widget elementor-widget-image\" data-id=\"23bc472\" data-element_type=\"widget\" data-e-type=\"widget\" data-widget_type=\"image.default\">\n\t\t\t\t<div class=\"elementor-widget-container\">\n\t\t\t\t\t\t\t\t\t\t\t\t\t\t\t<img decoding=\"async\" width=\"480\" height=\"360\" src=\"https:\/\/motionzonen.se\/wp-content\/uploads\/2023\/01\/i286260064343327061._szw480h1280_.jpg\" class=\"attachment-full size-full wp-image-3877\" alt=\"\" srcset=\"https:\/\/motionzonen.se\/wp-content\/uploads\/2023\/01\/i286260064343327061._szw480h1280_.jpg 480w, https:\/\/motionzonen.se\/wp-content\/uploads\/2023\/01\/i286260064343327061._szw480h1280_-300x225.jpg 300w, https:\/\/motionzonen.se\/wp-content\/uploads\/2023\/01\/i286260064343327061._szw480h1280_-16x12.jpg 16w\" sizes=\"(max-width: 480px) 100vw, 480px\" \/>\t\t\t\t\t\t\t\t\t\t\t\t\t\t\t<\/div>\n\t\t\t\t<\/div>\n\t\t\t\t<div class=\"elementor-element elementor-element-4fbd3d5 elementor-widget elementor-widget-text-editor\" data-id=\"4fbd3d5\" data-element_type=\"widget\" data-e-type=\"widget\" data-widget_type=\"text-editor.default\">\n\t\t\t\t<div class=\"elementor-widget-container\">\n\t\t\t\t\t\t\t\t\t<p><em>Firar v\u00e5rt 100:e vardags\u00e4ventyr p\u00e5 J\u00e4rvs\u00f6klack<\/em><\/p>\t\t\t\t\t\t\t\t<\/div>\n\t\t\t\t<\/div>\n\t\t\t\t\t<\/div>\n\t\t<\/div>\n\t\t\t\t\t<\/div>\n\t\t<\/section>\n\t\t\t\t<\/div>","protected":false},"excerpt":{"rendered":"<p>50 nya \u00e4ventyr 50 nya vardags\u00e4ventyr Nu satsar jag och Lotta p\u00e5 50\u00a0nya\u00a0vardags\u00e4ventyr. Efter 50 vardags\u00e4ventyr 2016 fick vi mersmak p\u00e5 en vardag med lite mer inneh\u00e5ll och upplevelser. \u00c5terh\u00e4mtningen och gemenskapen finns i det enkla som bara kr\u00e4ver det d\u00e4r lilla, lilla extra. Att stiga upp lite tidigare och beundra soluppg\u00e5ngen, att kl\u00e4ttra upp [&hellip;]<\/p>\n","protected":false},"author":1,"featured_media":3877,"parent":0,"menu_order":0,"comment_status":"closed","ping_status":"closed","template":"","meta":{"_acf_changed":false,"site-sidebar-layout":"no-sidebar","site-content-layout":"page-builder","ast-site-content-layout":"full-width-container","site-content-style":"unboxed","site-sidebar-style":"unboxed","ast-global-header-display":"","ast-banner-title-visibility":"","ast-main-header-display":"","ast-hfb-above-header-display":"","ast-hfb-below-header-display":"","ast-hfb-mobile-header-display":"","site-post-title":"disabled","ast-breadcrumbs-content":"disabled","ast-featured-img":"disabled","footer-sml-layout":"","ast-disable-related-posts":"","theme-transparent-header-meta":"default","adv-header-id-meta":"","stick-header-meta":"","header-above-stick-meta":"","header-main-stick-meta":"","header-below-stick-meta":"","astra-migrate-meta-layouts":"set","ast-page-background-enabled":"default","ast-page-background-meta":{"desktop":{"background-color":"","background-image":"","background-repeat":"repeat","background-position":"center center","background-size":"auto","background-attachment":"scroll","background-type":"","background-media":"","overlay-type":"","overlay-color":"","overlay-opacity":"","overlay-gradient":""},"tablet":{"background-color":"","background-image":"","background-repeat":"repeat","background-position":"center center","background-size":"auto","background-attachment":"scroll","background-type":"","background-media":"","overlay-type":"","overlay-color":"","overlay-opacity":"","overlay-gradient":""},"mobile":{"background-color":"","background-image":"","background-repeat":"repeat","background-position":"center center","background-size":"auto","background-attachment":"scroll","background-type":"","background-media":"","overlay-type":"","overlay-color":"","overlay-opacity":"","overlay-gradient":""}},"ast-content-background-meta":{"desktop":{"background-color":"var(--ast-global-color-5)","background-image":"","background-repeat":"repeat","background-position":"center center","background-size":"auto","background-attachment":"scroll","background-type":"","background-media":"","overlay-type":"","overlay-color":"","overlay-opacity":"","overlay-gradient":""},"tablet":{"background-color":"var(--ast-global-color-5)","background-image":"","background-repeat":"repeat","background-position":"center center","background-size":"auto","background-attachment":"scroll","background-type":"","background-media":"","overlay-type":"","overlay-color":"","overlay-opacity":"","overlay-gradient":""},"mobile":{"background-color":"var(--ast-global-color-5)","background-image":"","background-repeat":"repeat","background-position":"center center","background-size":"auto","background-attachment":"scroll","background-type":"","background-media":"","overlay-type":"","overlay-color":"","overlay-opacity":"","overlay-gradient":""}},"_FSMCFIC_featured_image_caption":"","_FSMCFIC_featured_image_nocaption":"","_FSMCFIC_featured_image_hide":"","footnotes":""},"class_list":["post-3865","page","type-page","status-publish","has-post-thumbnail","hentry"],"acf":[],"yoast_head":"<!-- This site is optimized with the Yoast SEO plugin v27.3 - https:\/\/yoast.com\/product\/yoast-seo-wordpress\/ -->\n<title>50 nya vardags\u00e4ventyr - Motionzonen<\/title>\n<meta name=\"robots\" content=\"index, follow, max-snippet:-1, max-image-preview:large, max-video-preview:-1\" \/>\n<link rel=\"canonical\" href=\"https:\/\/motionzonen.se\/en\/50-nya-vardagsaventyr\/\" \/>\n<meta property=\"og:locale\" content=\"en_US\" \/>\n<meta property=\"og:type\" content=\"article\" \/>\n<meta property=\"og:title\" content=\"50 nya vardags\u00e4ventyr - Motionzonen\" \/>\n<meta property=\"og:description\" content=\"50 nya \u00e4ventyr 50 nya vardags\u00e4ventyr Nu satsar jag och Lotta p\u00e5 50\u00a0nya\u00a0vardags\u00e4ventyr. Efter 50 vardags\u00e4ventyr 2016 fick vi mersmak p\u00e5 en vardag med lite mer inneh\u00e5ll och upplevelser. \u00c5terh\u00e4mtningen och gemenskapen finns i det enkla som bara kr\u00e4ver det d\u00e4r lilla, lilla extra. Att stiga upp lite tidigare och beundra soluppg\u00e5ngen, att kl\u00e4ttra upp [&hellip;]\" \/>\n<meta property=\"og:url\" content=\"https:\/\/motionzonen.se\/en\/50-nya-vardagsaventyr\/\" \/>\n<meta property=\"og:site_name\" content=\"Motionzonen\" \/>\n<meta property=\"article:modified_time\" content=\"2024-03-07T12:45:34+00:00\" \/>\n<meta property=\"og:image\" content=\"https:\/\/motionzonen.se\/wp-content\/uploads\/2023\/01\/i286260064343327061._szw480h1280_.jpg\" \/>\n\t<meta property=\"og:image:width\" content=\"480\" \/>\n\t<meta property=\"og:image:height\" content=\"360\" \/>\n\t<meta property=\"og:image:type\" content=\"image\/jpeg\" \/>\n<meta name=\"twitter:card\" content=\"summary_large_image\" \/>\n<meta name=\"twitter:label1\" content=\"Est. reading time\" \/>\n\t<meta name=\"twitter:data1\" content=\"2 minutes\" \/>\n<script type=\"application\/ld+json\" class=\"yoast-schema-graph\">{\"@context\":\"https:\\\/\\\/schema.org\",\"@graph\":[{\"@type\":\"WebPage\",\"@id\":\"https:\\\/\\\/motionzonen.se\\\/50-nya-vardagsaventyr\\\/\",\"url\":\"https:\\\/\\\/motionzonen.se\\\/50-nya-vardagsaventyr\\\/\",\"name\":\"50 nya vardags\u00e4ventyr - Motionzonen\",\"isPartOf\":{\"@id\":\"https:\\\/\\\/motionzonen.se\\\/#website\"},\"primaryImageOfPage\":{\"@id\":\"https:\\\/\\\/motionzonen.se\\\/50-nya-vardagsaventyr\\\/#primaryimage\"},\"image\":{\"@id\":\"https:\\\/\\\/motionzonen.se\\\/50-nya-vardagsaventyr\\\/#primaryimage\"},\"thumbnailUrl\":\"https:\\\/\\\/motionzonen.se\\\/wp-content\\\/uploads\\\/2023\\\/01\\\/i286260064343327061._szw480h1280_.jpg\",\"datePublished\":\"2023-01-10T13:40:21+00:00\",\"dateModified\":\"2024-03-07T12:45:34+00:00\",\"breadcrumb\":{\"@id\":\"https:\\\/\\\/motionzonen.se\\\/50-nya-vardagsaventyr\\\/#breadcrumb\"},\"inLanguage\":\"en-US\",\"potentialAction\":[{\"@type\":\"ReadAction\",\"target\":[\"https:\\\/\\\/motionzonen.se\\\/50-nya-vardagsaventyr\\\/\"]}]},{\"@type\":\"ImageObject\",\"inLanguage\":\"en-US\",\"@id\":\"https:\\\/\\\/motionzonen.se\\\/50-nya-vardagsaventyr\\\/#primaryimage\",\"url\":\"https:\\\/\\\/motionzonen.se\\\/wp-content\\\/uploads\\\/2023\\\/01\\\/i286260064343327061._szw480h1280_.jpg\",\"contentUrl\":\"https:\\\/\\\/motionzonen.se\\\/wp-content\\\/uploads\\\/2023\\\/01\\\/i286260064343327061._szw480h1280_.jpg\",\"width\":480,\"height\":360},{\"@type\":\"BreadcrumbList\",\"@id\":\"https:\\\/\\\/motionzonen.se\\\/50-nya-vardagsaventyr\\\/#breadcrumb\",\"itemListElement\":[{\"@type\":\"ListItem\",\"position\":1,\"name\":\"Hem\",\"item\":\"https:\\\/\\\/motionzonen.se\\\/\"},{\"@type\":\"ListItem\",\"position\":2,\"name\":\"50 nya vardags\u00e4ventyr\"}]},{\"@type\":\"WebSite\",\"@id\":\"https:\\\/\\\/motionzonen.se\\\/#website\",\"url\":\"https:\\\/\\\/motionzonen.se\\\/\",\"name\":\"Motionzonen\",\"description\":\"\",\"publisher\":{\"@id\":\"https:\\\/\\\/motionzonen.se\\\/#organization\"},\"potentialAction\":[{\"@type\":\"SearchAction\",\"target\":{\"@type\":\"EntryPoint\",\"urlTemplate\":\"https:\\\/\\\/motionzonen.se\\\/?s={search_term_string}\"},\"query-input\":{\"@type\":\"PropertyValueSpecification\",\"valueRequired\":true,\"valueName\":\"search_term_string\"}}],\"inLanguage\":\"en-US\"},{\"@type\":\"Organization\",\"@id\":\"https:\\\/\\\/motionzonen.se\\\/#organization\",\"name\":\"Motionzonen\",\"url\":\"https:\\\/\\\/motionzonen.se\\\/\",\"logo\":{\"@type\":\"ImageObject\",\"inLanguage\":\"en-US\",\"@id\":\"https:\\\/\\\/motionzonen.se\\\/#\\\/schema\\\/logo\\\/image\\\/\",\"url\":\"https:\\\/\\\/motionzonen.se\\\/wp-content\\\/uploads\\\/2023\\\/01\\\/motionzonen-noBG.png\",\"contentUrl\":\"https:\\\/\\\/motionzonen.se\\\/wp-content\\\/uploads\\\/2023\\\/01\\\/motionzonen-noBG.png\",\"width\":1256,\"height\":625,\"caption\":\"Motionzonen\"},\"image\":{\"@id\":\"https:\\\/\\\/motionzonen.se\\\/#\\\/schema\\\/logo\\\/image\\\/\"}}]}<\/script>\n<!-- \/ Yoast SEO plugin. -->","yoast_head_json":{"title":"50 nya vardags\u00e4ventyr - Motionzonen","robots":{"index":"index","follow":"follow","max-snippet":"max-snippet:-1","max-image-preview":"max-image-preview:large","max-video-preview":"max-video-preview:-1"},"canonical":"https:\/\/motionzonen.se\/en\/50-nya-vardagsaventyr\/","og_locale":"en_US","og_type":"article","og_title":"50 nya vardags\u00e4ventyr - Motionzonen","og_description":"50 nya \u00e4ventyr 50 nya vardags\u00e4ventyr Nu satsar jag och Lotta p\u00e5 50\u00a0nya\u00a0vardags\u00e4ventyr. Efter 50 vardags\u00e4ventyr 2016 fick vi mersmak p\u00e5 en vardag med lite mer inneh\u00e5ll och upplevelser. \u00c5terh\u00e4mtningen och gemenskapen finns i det enkla som bara kr\u00e4ver det d\u00e4r lilla, lilla extra. Att stiga upp lite tidigare och beundra soluppg\u00e5ngen, att kl\u00e4ttra upp [&hellip;]","og_url":"https:\/\/motionzonen.se\/en\/50-nya-vardagsaventyr\/","og_site_name":"Motionzonen","article_modified_time":"2024-03-07T12:45:34+00:00","og_image":[{"width":480,"height":360,"url":"https:\/\/motionzonen.se\/wp-content\/uploads\/2023\/01\/i286260064343327061._szw480h1280_.jpg","type":"image\/jpeg"}],"twitter_card":"summary_large_image","twitter_misc":{"Est. reading time":"2 minutes"},"schema":{"@context":"https:\/\/schema.org","@graph":[{"@type":"WebPage","@id":"https:\/\/motionzonen.se\/50-nya-vardagsaventyr\/","url":"https:\/\/motionzonen.se\/50-nya-vardagsaventyr\/","name":"50 nya vardags\u00e4ventyr - Motionzonen","isPartOf":{"@id":"https:\/\/motionzonen.se\/#website"},"primaryImageOfPage":{"@id":"https:\/\/motionzonen.se\/50-nya-vardagsaventyr\/#primaryimage"},"image":{"@id":"https:\/\/motionzonen.se\/50-nya-vardagsaventyr\/#primaryimage"},"thumbnailUrl":"https:\/\/motionzonen.se\/wp-content\/uploads\/2023\/01\/i286260064343327061._szw480h1280_.jpg","datePublished":"2023-01-10T13:40:21+00:00","dateModified":"2024-03-07T12:45:34+00:00","breadcrumb":{"@id":"https:\/\/motionzonen.se\/50-nya-vardagsaventyr\/#breadcrumb"},"inLanguage":"en-US","potentialAction":[{"@type":"ReadAction","target":["https:\/\/motionzonen.se\/50-nya-vardagsaventyr\/"]}]},{"@type":"ImageObject","inLanguage":"en-US","@id":"https:\/\/motionzonen.se\/50-nya-vardagsaventyr\/#primaryimage","url":"https:\/\/motionzonen.se\/wp-content\/uploads\/2023\/01\/i286260064343327061._szw480h1280_.jpg","contentUrl":"https:\/\/motionzonen.se\/wp-content\/uploads\/2023\/01\/i286260064343327061._szw480h1280_.jpg","width":480,"height":360},{"@type":"BreadcrumbList","@id":"https:\/\/motionzonen.se\/50-nya-vardagsaventyr\/#breadcrumb","itemListElement":[{"@type":"ListItem","position":1,"name":"Hem","item":"https:\/\/motionzonen.se\/"},{"@type":"ListItem","position":2,"name":"50 nya vardags\u00e4ventyr"}]},{"@type":"WebSite","@id":"https:\/\/motionzonen.se\/#website","url":"https:\/\/motionzonen.se\/","name":"Motionzonen","description":"","publisher":{"@id":"https:\/\/motionzonen.se\/#organization"},"potentialAction":[{"@type":"SearchAction","target":{"@type":"EntryPoint","urlTemplate":"https:\/\/motionzonen.se\/?s={search_term_string}"},"query-input":{"@type":"PropertyValueSpecification","valueRequired":true,"valueName":"search_term_string"}}],"inLanguage":"en-US"},{"@type":"Organization","@id":"https:\/\/motionzonen.se\/#organization","name":"Motionzonen","url":"https:\/\/motionzonen.se\/","logo":{"@type":"ImageObject","inLanguage":"en-US","@id":"https:\/\/motionzonen.se\/#\/schema\/logo\/image\/","url":"https:\/\/motionzonen.se\/wp-content\/uploads\/2023\/01\/motionzonen-noBG.png","contentUrl":"https:\/\/motionzonen.se\/wp-content\/uploads\/2023\/01\/motionzonen-noBG.png","width":1256,"height":625,"caption":"Motionzonen"},"image":{"@id":"https:\/\/motionzonen.se\/#\/schema\/logo\/image\/"}}]}},"_links":{"self":[{"href":"https:\/\/motionzonen.se\/en\/wp-json\/wp\/v2\/pages\/3865","targetHints":{"allow":["GET"]}}],"collection":[{"href":"https:\/\/motionzonen.se\/en\/wp-json\/wp\/v2\/pages"}],"about":[{"href":"https:\/\/motionzonen.se\/en\/wp-json\/wp\/v2\/types\/page"}],"author":[{"embeddable":true,"href":"https:\/\/motionzonen.se\/en\/wp-json\/wp\/v2\/users\/1"}],"replies":[{"embeddable":true,"href":"https:\/\/motionzonen.se\/en\/wp-json\/wp\/v2\/comments?post=3865"}],"version-history":[{"count":28,"href":"https:\/\/motionzonen.se\/en\/wp-json\/wp\/v2\/pages\/3865\/revisions"}],"predecessor-version":[{"id":4841,"href":"https:\/\/motionzonen.se\/en\/wp-json\/wp\/v2\/pages\/3865\/revisions\/4841"}],"wp:featuredmedia":[{"embeddable":true,"href":"https:\/\/motionzonen.se\/en\/wp-json\/wp\/v2\/media\/3877"}],"wp:attachment":[{"href":"https:\/\/motionzonen.se\/en\/wp-json\/wp\/v2\/media?parent=3865"}],"curies":[{"name":"wp","href":"https:\/\/api.w.org\/{rel}","templated":true}]}}