{"id":3889,"date":"2023-01-10T15:28:58","date_gmt":"2023-01-10T14:28:58","guid":{"rendered":"https:\/\/dev.motionzonen.se\/?page_id=3889"},"modified":"2023-01-26T08:47:01","modified_gmt":"2023-01-26T07:47:01","slug":"om-vara-50-vardagsaventyr","status":"publish","type":"page","link":"https:\/\/motionzonen.se\/en\/om-vara-50-vardagsaventyr\/","title":{"rendered":"About our first 50 Everyday Adventures"},"content":{"rendered":"<div data-elementor-type=\"wp-page\" data-elementor-id=\"3889\" class=\"elementor elementor-3889\">\n\t\t\t\t\t\t<section class=\"elementor-section elementor-top-section elementor-element elementor-element-f91d843 elementor-section-boxed elementor-section-height-default elementor-section-height-default\" data-id=\"f91d843\" data-element_type=\"section\" data-e-type=\"section\" data-settings=\"{&quot;background_background&quot;:&quot;classic&quot;}\">\n\t\t\t\t\t\t<div class=\"elementor-container elementor-column-gap-no\">\n\t\t\t\t\t<div class=\"elementor-column elementor-col-66 elementor-top-column elementor-element elementor-element-ae2bbdb\" data-id=\"ae2bbdb\" data-element_type=\"column\" data-e-type=\"column\">\n\t\t\t<div class=\"elementor-widget-wrap elementor-element-populated\">\n\t\t\t\t\t\t<div class=\"elementor-element elementor-element-6828115 elementor-widget elementor-widget-heading\" data-id=\"6828115\" data-element_type=\"widget\" data-e-type=\"widget\" data-widget_type=\"heading.default\">\n\t\t\t\t<div class=\"elementor-widget-container\">\n\t\t\t\t\t<h6 class=\"elementor-heading-title elementor-size-default\">50 Everyday Adventures<\/h6>\t\t\t\t<\/div>\n\t\t\t\t<\/div>\n\t\t\t\t<div class=\"elementor-element elementor-element-bebd7bc elementor-widget elementor-widget-heading\" data-id=\"bebd7bc\" data-element_type=\"widget\" data-e-type=\"widget\" data-widget_type=\"heading.default\">\n\t\t\t\t<div class=\"elementor-widget-container\">\n\t\t\t\t\t<h1 class=\"elementor-heading-title elementor-size-default\">About our first 50 Everyday Adventures<\/h1>\t\t\t\t<\/div>\n\t\t\t\t<\/div>\n\t\t\t\t<div class=\"elementor-element elementor-element-1054bdf elementor-widget elementor-widget-text-editor\" data-id=\"1054bdf\" data-element_type=\"widget\" data-e-type=\"widget\" data-widget_type=\"text-editor.default\">\n\t\t\t\t<div class=\"elementor-widget-container\">\n\t\t\t\t\t\t\t\t\t<p class=\"translation-block\">In December 2015, my wife Lotta and I decided to make 50 simple adventures over the course of a year. According to the Swedish Academy dictionary, the definition of adventure is an unusual, exciting and dangerous experience, especially of (long) journeys in remote areas, with elements of discovery and hardships. However, we decided to have our own definition with everyday adventures. Experiences that would be short and easy for most people to do, a little challenging or feel a little new for us or someone we bring along. To count as an everyday adventure, both of us had to be there, because we wanted to focus on shared experiences. The inspiration came from various sources, including Micael Dahl\u00e9n's book Chaosology and Louise \u00d6stberg's 365 adventures that she talks about in the Husky podcast.<\/p><p class=\"translation-block\">We started with a swimrun event on Saint Lucy's Day in 2015 and ended with a new Saint Lucy's Day swimrun in 2016. Here, under 50 everyday adventures, we have included some pictures with short and sometimes long descriptions from our everyday adventures during 2016. The page has gradually been updated with the activities we have carried out. All of these small adventures have really contributed to making us even more aware of taking advantage of the opportunities that exist around us to bring more joy and experiences to everyday life, and it has made 2016 an extra memorable year for us. The adventure of living, we hope, continues with new exciting challenges.<\/p>\t\t\t\t\t\t\t\t<\/div>\n\t\t\t\t<\/div>\n\t\t\t\t\t<\/div>\n\t\t<\/div>\n\t\t\t\t<div class=\"elementor-column elementor-col-33 elementor-top-column elementor-element elementor-element-47b3f62\" data-id=\"47b3f62\" data-element_type=\"column\" data-e-type=\"column\">\n\t\t\t<div class=\"elementor-widget-wrap elementor-element-populated\">\n\t\t\t\t\t\t<div class=\"elementor-element elementor-element-501909c elementor-widget elementor-widget-image\" data-id=\"501909c\" data-element_type=\"widget\" data-e-type=\"widget\" data-widget_type=\"image.default\">\n\t\t\t\t<div class=\"elementor-widget-container\">\n\t\t\t\t\t\t\t\t\t\t\t\t\t\t\t<img fetchpriority=\"high\" decoding=\"async\" width=\"480\" height=\"708\" src=\"https:\/\/motionzonen.se\/wp-content\/uploads\/2023\/01\/i286260064329053071._szw480h1280_.jpg\" class=\"attachment-full size-full wp-image-3892\" alt=\"\" srcset=\"https:\/\/motionzonen.se\/wp-content\/uploads\/2023\/01\/i286260064329053071._szw480h1280_.jpg 480w, https:\/\/motionzonen.se\/wp-content\/uploads\/2023\/01\/i286260064329053071._szw480h1280_-203x300.jpg 203w, https:\/\/motionzonen.se\/wp-content\/uploads\/2023\/01\/i286260064329053071._szw480h1280_-8x12.jpg 8w\" sizes=\"(max-width: 480px) 100vw, 480px\" \/>\t\t\t\t\t\t\t\t\t\t\t\t\t\t\t<\/div>\n\t\t\t\t<\/div>\n\t\t\t\t\t<\/div>\n\t\t<\/div>\n\t\t\t\t\t<\/div>\n\t\t<\/section>\n\t\t\t\t<section class=\"elementor-section elementor-top-section elementor-element elementor-element-5859b1a elementor-section-boxed elementor-section-height-default elementor-section-height-default\" data-id=\"5859b1a\" data-element_type=\"section\" data-e-type=\"section\" data-settings=\"{&quot;background_background&quot;:&quot;classic&quot;}\">\n\t\t\t\t\t\t<div class=\"elementor-container elementor-column-gap-no\">\n\t\t\t\t\t<div class=\"elementor-column elementor-col-66 elementor-top-column elementor-element elementor-element-ba4e979\" data-id=\"ba4e979\" data-element_type=\"column\" data-e-type=\"column\">\n\t\t\t<div class=\"elementor-widget-wrap elementor-element-populated\">\n\t\t\t\t\t\t<div class=\"elementor-element elementor-element-84b1abb elementor-widget elementor-widget-heading\" data-id=\"84b1abb\" data-element_type=\"widget\" data-e-type=\"widget\" data-widget_type=\"heading.default\">\n\t\t\t\t<div class=\"elementor-widget-container\">\n\t\t\t\t\t<h1 class=\"elementor-heading-title elementor-size-default\">Our favorite adventures 2016<\/h1>\t\t\t\t<\/div>\n\t\t\t\t<\/div>\n\t\t\t\t<div class=\"elementor-element elementor-element-742635f elementor-widget elementor-widget-text-editor\" data-id=\"742635f\" data-element_type=\"widget\" data-e-type=\"widget\" data-widget_type=\"text-editor.default\">\n\t\t\t\t<div class=\"elementor-widget-container\">\n\t\t\t\t\t\t\t\t\t<p class=\"textnormal\">Below, we have linked some of our favorite adventures during 2016<\/p>\t\t\t\t\t\t\t\t<\/div>\n\t\t\t\t<\/div>\n\t\t\t\t<section class=\"elementor-section elementor-inner-section elementor-element elementor-element-f855954 elementor-section-boxed elementor-section-height-default elementor-section-height-default\" data-id=\"f855954\" data-element_type=\"section\" data-e-type=\"section\">\n\t\t\t\t\t\t<div class=\"elementor-container elementor-column-gap-default\">\n\t\t\t\t\t<div class=\"elementor-column elementor-col-50 elementor-inner-column elementor-element elementor-element-583eaa9\" data-id=\"583eaa9\" data-element_type=\"column\" data-e-type=\"column\">\n\t\t\t<div class=\"elementor-widget-wrap elementor-element-populated\">\n\t\t\t\t\t\t<div class=\"elementor-element elementor-element-8d35f1d elementor-widget elementor-widget-text-editor\" data-id=\"8d35f1d\" data-element_type=\"widget\" data-e-type=\"widget\" data-widget_type=\"text-editor.default\">\n\t\t\t\t<div class=\"elementor-widget-container\">\n\t\t\t\t\t\t\t\t\t<div class=\"Preview_row__3Fkye row\"><div class=\"Preview_componentWrapper__2i4QI\" data-id=\"1F289864-31BD-433D-B91E-D7E0BD5FD4F9\" data-kind=\"TEXT\"><div class=\"Preview_component__SbiKo text-align-null\" data-in-template=\"false\" data-id=\"1F289864-31BD-433D-B91E-D7E0BD5FD4F9\" data-kind=\"Component\" data-specific-kind=\"TEXT\"><div class=\"styles_contentContainer__lrPIa textnormal styles_text__3jGMu\" data-mve-font-change=\"0\"><div class=\"Preview_row__3Fkye row\"><div class=\"Preview_componentWrapper__2i4QI\" data-id=\"6FAC6CB4-7F2E-4650-9595-67CA6D859B4D\" data-kind=\"TEXT\"><div class=\"Preview_component__SbiKo text-align-null\" data-in-template=\"false\" data-id=\"6FAC6CB4-7F2E-4650-9595-67CA6D859B4D\" data-kind=\"Component\" data-specific-kind=\"TEXT\"><div class=\"styles_contentContainer__lrPIa textnormal styles_text__3jGMu\" data-mve-font-change=\"0\"><p class=\"textnormal\"><a class=\"textnormal\" href=\"\/en\/50-vardagsaventyr\/4-losesjon\/\">4. Skating at Lose Lake<\/a><\/p><p class=\"textnormal\"><a class=\"textnormal\" title=\"9. Uppt&amp;#228;cksf&amp;#228;rd \" href=\"\/en\/50-vardagsaventyr\/9-upptacksfard\/\">9. Excursion<\/a>\u00a0<\/p><p class=\"textnormal\"><a class=\"textnormal\" title=\"10. Ice floe swimming\" href=\"\/en\/50-vardagsaventyr\/10-isflakssimning\/\">10. Ice floe swimming<\/a><\/p><p class=\"textnormal\"><a class=\"textnormal\" title=\"11. Ski, swim skate\" href=\"\/en\/50-vardagsaventyr\/11-ski-swim-skate\/\">11. Ski, swim skate<\/a><\/p><p class=\"textnormal\"><a class=\"textnormal\" title=\"16. Mountain trekking\" href=\"\/en\/50-vardagsaventyr\/16-berg-trekking\/\">16. Mountain trekking<\/a><\/p><\/div><\/div><\/div><\/div><div class=\"Preview_row__3Fkye row\"><div class=\"Preview_componentWrapper__2i4QI\" data-id=\"086530C2-0E4B-44E7-86A0-977B9E54643F\" data-kind=\"TEXT\"><div class=\"Preview_component__SbiKo text-align-null\" data-in-template=\"false\" data-id=\"086530C2-0E4B-44E7-86A0-977B9E54643F\" data-kind=\"Component\" data-specific-kind=\"TEXT\"><div class=\"styles_contentContainer__lrPIa textnormal styles_text__3jGMu\" data-mve-font-change=\"0\"><p class=\"textnormal\"><a class=\"textnormal\" title=\"23. SUPsim St&amp;#229;ln&amp;#228;s\" href=\"\/en\/50-vardagsaventyr\/23-supsim-stalnas\/\">23. SUP swim St\u00e5ln\u00e4s<\/a><\/p><p class=\"textnormal\"><a class=\"textnormal\" title=\"25. V&amp;#229;rsim Storsj&amp;#246;n\" href=\"\/en\/50-vardagsaventyr\/25-varsim-storsjon\/\">25. V\u00e5rsim Storsj\u00f6n<\/a><\/p><\/div><\/div><\/div><\/div><\/div><\/div><\/div><\/div><div class=\"Preview_row__3Fkye row\"><div class=\"Preview_componentWrapper__2i4QI\" data-id=\"26B6A7DD-5B8F-48C1-9B0A-DCCD6587D389\" data-kind=\"TEXT\"><div class=\"Preview_component__SbiKo text-align-null\" data-in-template=\"false\" data-id=\"26B6A7DD-5B8F-48C1-9B0A-DCCD6587D389\" data-kind=\"Component\" data-specific-kind=\"TEXT\"><div class=\"styles_contentContainer__lrPIa textnormal styles_text__3jGMu\" data-mve-font-change=\"0\">\u00a0<\/div><\/div><\/div><\/div>\t\t\t\t\t\t\t\t<\/div>\n\t\t\t\t<\/div>\n\t\t\t\t\t<\/div>\n\t\t<\/div>\n\t\t\t\t<div class=\"elementor-column elementor-col-50 elementor-inner-column elementor-element elementor-element-b742b7e\" data-id=\"b742b7e\" data-element_type=\"column\" data-e-type=\"column\">\n\t\t\t<div class=\"elementor-widget-wrap elementor-element-populated\">\n\t\t\t\t\t\t<div class=\"elementor-element elementor-element-5a94231 elementor-widget elementor-widget-text-editor\" data-id=\"5a94231\" data-element_type=\"widget\" data-e-type=\"widget\" data-widget_type=\"text-editor.default\">\n\t\t\t\t<div class=\"elementor-widget-container\">\n\t\t\t\t\t\t\t\t\t<p class=\"textnormal\"><a class=\"textnormal\" title=\"26. SUPrun Voxnan\" href=\"\/en\/50-vardagsaventyr\/26-suprun-voxnan\/\">26. SUPrun Voxnan<\/a><\/p><p class=\"textnormal\"><a class=\"textnormal\" title=\"37. Swimrun St&amp;#229;ln&amp;#228;s\" href=\"\/en\/50-vardagsaventyr\/37-swimrun-stalnas\/\">37. Swimrun St\u00e5ln\u00e4s<\/a><\/p><p class=\"textnormal\"><a class=\"textnormal\" title=\"38. Gr&amp;#246;ntj&amp;#228;rn\" href=\"\/en\/50-vardagsaventyr\/38-grontjarn\/\">38. Gr\u00f6ntj\u00e4rn<\/a><\/p><p class=\"textnormal\"><a class=\"textnormal\" title=\"49. Gale swim\" href=\"\/en\/50-vardagsaventyr\/46-supermane\/\">46. Super moon<\/a><\/p><p class=\"textnormal\"><a class=\"textnormal\" href=\"\/en\/50-vardagsaventyr\/49-kulingsimning\/\">49. Kulingsimning<\/a><\/p><p class=\"textnormal\"><a class=\"textnormal\" title=\"50. St Lucy swimrun #2\" href=\"\/en\/50-vardagsaventyr\/50-lucia-swimrun-2\/\">50. St Lucy swimrun #2<\/a><\/p>\t\t\t\t\t\t\t\t<\/div>\n\t\t\t\t<\/div>\n\t\t\t\t\t<\/div>\n\t\t<\/div>\n\t\t\t\t\t<\/div>\n\t\t<\/section>\n\t\t\t\t<div class=\"elementor-element elementor-element-86ec7b8 elementor-align-left elementor-widget elementor-widget-button\" data-id=\"86ec7b8\" data-element_type=\"widget\" data-e-type=\"widget\" data-widget_type=\"button.default\">\n\t\t\t\t<div class=\"elementor-widget-container\">\n\t\t\t\t\t\t\t\t\t<div class=\"elementor-button-wrapper\">\n\t\t\t\t\t<a class=\"elementor-button elementor-button-link elementor-size-sm\" href=\"\/en\/50-vardagsaventyr\/\">\n\t\t\t\t\t\t<span class=\"elementor-button-content-wrapper\">\n\t\t\t\t\t\t\t\t\t<span class=\"elementor-button-text\">GO TO OUR ADVENTURES<\/span>\n\t\t\t\t\t<\/span>\n\t\t\t\t\t<\/a>\n\t\t\t\t<\/div>\n\t\t\t\t\t\t\t\t<\/div>\n\t\t\t\t<\/div>\n\t\t\t\t\t<\/div>\n\t\t<\/div>\n\t\t\t\t<div class=\"elementor-column elementor-col-33 elementor-top-column elementor-element elementor-element-c5cf926\" data-id=\"c5cf926\" data-element_type=\"column\" data-e-type=\"column\">\n\t\t\t<div class=\"elementor-widget-wrap elementor-element-populated\">\n\t\t\t\t\t\t<div class=\"elementor-element elementor-element-23bc472 elementor-widget elementor-widget-image\" data-id=\"23bc472\" data-element_type=\"widget\" data-e-type=\"widget\" data-widget_type=\"image.default\">\n\t\t\t\t<div class=\"elementor-widget-container\">\n\t\t\t\t\t\t\t\t\t\t\t\t\t\t\t<img decoding=\"async\" width=\"480\" height=\"360\" src=\"https:\/\/motionzonen.se\/wp-content\/uploads\/2023\/01\/i286260064343326763._szw480h1280_.jpg\" class=\"attachment-full size-full wp-image-3893\" alt=\"\" srcset=\"https:\/\/motionzonen.se\/wp-content\/uploads\/2023\/01\/i286260064343326763._szw480h1280_.jpg 480w, https:\/\/motionzonen.se\/wp-content\/uploads\/2023\/01\/i286260064343326763._szw480h1280_-300x225.jpg 300w, https:\/\/motionzonen.se\/wp-content\/uploads\/2023\/01\/i286260064343326763._szw480h1280_-16x12.jpg 16w\" sizes=\"(max-width: 480px) 100vw, 480px\" \/>\t\t\t\t\t\t\t\t\t\t\t\t\t\t\t<\/div>\n\t\t\t\t<\/div>\n\t\t\t\t\t<\/div>\n\t\t<\/div>\n\t\t\t\t\t<\/div>\n\t\t<\/section>\n\t\t\t\t<\/div>","protected":false},"excerpt":{"rendered":"<p>50 vardags\u00e4ventyr Om v\u00e5ra 50 vardags\u00e4ventyr I december 2015 best\u00e4mde jag och min fru Lotta att g\u00f6ra 50 enkla \u00e4ventyr under ett \u00e5r. Definitionen av \u00e4ventyr \u00e4r enligt Svenska akademiens ordlista en\u00a0o\u00advanlig, sp\u00e4nnande och farlig upp\u00adlevelse s\u00e4rsk. om (l\u00e4ngre) f\u00e4rder i av\u00adl\u00e4gsna om\u00adr\u00e5den, med in\u00adslag av upp\u00adt\u00e4ckter, strapatser.\u00a0Vi best\u00e4mde oss ist\u00e4llet f\u00f6r en egen definition [&hellip;]<\/p>\n","protected":false},"author":1,"featured_media":0,"parent":0,"menu_order":0,"comment_status":"closed","ping_status":"closed","template":"","meta":{"_acf_changed":false,"site-sidebar-layout":"no-sidebar","site-content-layout":"page-builder","ast-site-content-layout":"default","site-content-style":"default","site-sidebar-style":"default","ast-global-header-display":"","ast-banner-title-visibility":"","ast-main-header-display":"","ast-hfb-above-header-display":"","ast-hfb-below-header-display":"","ast-hfb-mobile-header-display":"","site-post-title":"disabled","ast-breadcrumbs-content":"disabled","ast-featured-img":"disabled","footer-sml-layout":"","ast-disable-related-posts":"","theme-transparent-header-meta":"default","adv-header-id-meta":"","stick-header-meta":"","header-above-stick-meta":"","header-main-stick-meta":"","header-below-stick-meta":"","astra-migrate-meta-layouts":"default","ast-page-background-enabled":"default","ast-page-background-meta":{"desktop":{"background-color":"","background-image":"","background-repeat":"repeat","background-position":"center center","background-size":"auto","background-attachment":"scroll","background-type":"","background-media":"","overlay-type":"","overlay-color":"","overlay-opacity":"","overlay-gradient":""},"tablet":{"background-color":"","background-image":"","background-repeat":"repeat","background-position":"center center","background-size":"auto","background-attachment":"scroll","background-type":"","background-media":"","overlay-type":"","overlay-color":"","overlay-opacity":"","overlay-gradient":""},"mobile":{"background-color":"","background-image":"","background-repeat":"repeat","background-position":"center center","background-size":"auto","background-attachment":"scroll","background-type":"","background-media":"","overlay-type":"","overlay-color":"","overlay-opacity":"","overlay-gradient":""}},"ast-content-background-meta":{"desktop":{"background-color":"var(--ast-global-color-5)","background-image":"","background-repeat":"repeat","background-position":"center center","background-size":"auto","background-attachment":"scroll","background-type":"","background-media":"","overlay-type":"","overlay-color":"","overlay-opacity":"","overlay-gradient":""},"tablet":{"background-color":"var(--ast-global-color-5)","background-image":"","background-repeat":"repeat","background-position":"center center","background-size":"auto","background-attachment":"scroll","background-type":"","background-media":"","overlay-type":"","overlay-color":"","overlay-opacity":"","overlay-gradient":""},"mobile":{"background-color":"var(--ast-global-color-5)","background-image":"","background-repeat":"repeat","background-position":"center center","background-size":"auto","background-attachment":"scroll","background-type":"","background-media":"","overlay-type":"","overlay-color":"","overlay-opacity":"","overlay-gradient":""}},"_FSMCFIC_featured_image_caption":"","_FSMCFIC_featured_image_nocaption":"","_FSMCFIC_featured_image_hide":"","footnotes":""},"class_list":["post-3889","page","type-page","status-publish","hentry"],"acf":[],"yoast_head":"<!-- This site is optimized with the Yoast SEO plugin v27.3 - https:\/\/yoast.com\/product\/yoast-seo-wordpress\/ -->\n<title>Om v\u00e5ra 50 vardags\u00e4ventyr - Motionzonen<\/title>\n<meta name=\"robots\" content=\"index, follow, max-snippet:-1, max-image-preview:large, max-video-preview:-1\" \/>\n<link rel=\"canonical\" href=\"https:\/\/motionzonen.se\/en\/om-vara-50-vardagsaventyr\/\" \/>\n<meta property=\"og:locale\" content=\"en_US\" \/>\n<meta property=\"og:type\" content=\"article\" \/>\n<meta property=\"og:title\" content=\"Om v\u00e5ra 50 vardags\u00e4ventyr - Motionzonen\" \/>\n<meta property=\"og:description\" content=\"50 vardags\u00e4ventyr Om v\u00e5ra 50 vardags\u00e4ventyr I december 2015 best\u00e4mde jag och min fru Lotta att g\u00f6ra 50 enkla \u00e4ventyr under ett \u00e5r. Definitionen av \u00e4ventyr \u00e4r enligt Svenska akademiens ordlista en\u00a0o\u00advanlig, sp\u00e4nnande och farlig upp\u00adlevelse s\u00e4rsk. om (l\u00e4ngre) f\u00e4rder i av\u00adl\u00e4gsna om\u00adr\u00e5den, med in\u00adslag av upp\u00adt\u00e4ckter, strapatser.\u00a0Vi best\u00e4mde oss ist\u00e4llet f\u00f6r en egen definition [&hellip;]\" \/>\n<meta property=\"og:url\" content=\"https:\/\/motionzonen.se\/en\/om-vara-50-vardagsaventyr\/\" \/>\n<meta property=\"og:site_name\" content=\"Motionzonen\" \/>\n<meta property=\"article:modified_time\" content=\"2023-01-26T07:47:01+00:00\" \/>\n<meta property=\"og:image\" content=\"https:\/\/motionzonen.se\/wp-content\/uploads\/2023\/01\/i286260064329053071._szw480h1280_.jpg\" \/>\n<meta name=\"twitter:card\" content=\"summary_large_image\" \/>\n<meta name=\"twitter:label1\" content=\"Est. reading time\" \/>\n\t<meta name=\"twitter:data1\" content=\"2 minutes\" \/>\n<script type=\"application\/ld+json\" class=\"yoast-schema-graph\">{\"@context\":\"https:\\\/\\\/schema.org\",\"@graph\":[{\"@type\":\"WebPage\",\"@id\":\"https:\\\/\\\/motionzonen.se\\\/om-vara-50-vardagsaventyr\\\/\",\"url\":\"https:\\\/\\\/motionzonen.se\\\/om-vara-50-vardagsaventyr\\\/\",\"name\":\"Om v\u00e5ra 50 vardags\u00e4ventyr - Motionzonen\",\"isPartOf\":{\"@id\":\"https:\\\/\\\/motionzonen.se\\\/#website\"},\"primaryImageOfPage\":{\"@id\":\"https:\\\/\\\/motionzonen.se\\\/om-vara-50-vardagsaventyr\\\/#primaryimage\"},\"image\":{\"@id\":\"https:\\\/\\\/motionzonen.se\\\/om-vara-50-vardagsaventyr\\\/#primaryimage\"},\"thumbnailUrl\":\"https:\\\/\\\/motionzonen.se\\\/wp-content\\\/uploads\\\/2023\\\/01\\\/i286260064329053071._szw480h1280_.jpg\",\"datePublished\":\"2023-01-10T14:28:58+00:00\",\"dateModified\":\"2023-01-26T07:47:01+00:00\",\"breadcrumb\":{\"@id\":\"https:\\\/\\\/motionzonen.se\\\/om-vara-50-vardagsaventyr\\\/#breadcrumb\"},\"inLanguage\":\"en-US\",\"potentialAction\":[{\"@type\":\"ReadAction\",\"target\":[\"https:\\\/\\\/motionzonen.se\\\/om-vara-50-vardagsaventyr\\\/\"]}]},{\"@type\":\"ImageObject\",\"inLanguage\":\"en-US\",\"@id\":\"https:\\\/\\\/motionzonen.se\\\/om-vara-50-vardagsaventyr\\\/#primaryimage\",\"url\":\"https:\\\/\\\/motionzonen.se\\\/wp-content\\\/uploads\\\/2023\\\/01\\\/i286260064329053071._szw480h1280_.jpg\",\"contentUrl\":\"https:\\\/\\\/motionzonen.se\\\/wp-content\\\/uploads\\\/2023\\\/01\\\/i286260064329053071._szw480h1280_.jpg\"},{\"@type\":\"BreadcrumbList\",\"@id\":\"https:\\\/\\\/motionzonen.se\\\/om-vara-50-vardagsaventyr\\\/#breadcrumb\",\"itemListElement\":[{\"@type\":\"ListItem\",\"position\":1,\"name\":\"Hem\",\"item\":\"https:\\\/\\\/motionzonen.se\\\/\"},{\"@type\":\"ListItem\",\"position\":2,\"name\":\"Om v\u00e5ra 50 vardags\u00e4ventyr\"}]},{\"@type\":\"WebSite\",\"@id\":\"https:\\\/\\\/motionzonen.se\\\/#website\",\"url\":\"https:\\\/\\\/motionzonen.se\\\/\",\"name\":\"Motionzonen\",\"description\":\"\",\"publisher\":{\"@id\":\"https:\\\/\\\/motionzonen.se\\\/#organization\"},\"potentialAction\":[{\"@type\":\"SearchAction\",\"target\":{\"@type\":\"EntryPoint\",\"urlTemplate\":\"https:\\\/\\\/motionzonen.se\\\/?s={search_term_string}\"},\"query-input\":{\"@type\":\"PropertyValueSpecification\",\"valueRequired\":true,\"valueName\":\"search_term_string\"}}],\"inLanguage\":\"en-US\"},{\"@type\":\"Organization\",\"@id\":\"https:\\\/\\\/motionzonen.se\\\/#organization\",\"name\":\"Motionzonen\",\"url\":\"https:\\\/\\\/motionzonen.se\\\/\",\"logo\":{\"@type\":\"ImageObject\",\"inLanguage\":\"en-US\",\"@id\":\"https:\\\/\\\/motionzonen.se\\\/#\\\/schema\\\/logo\\\/image\\\/\",\"url\":\"https:\\\/\\\/motionzonen.se\\\/wp-content\\\/uploads\\\/2023\\\/01\\\/motionzonen-noBG.png\",\"contentUrl\":\"https:\\\/\\\/motionzonen.se\\\/wp-content\\\/uploads\\\/2023\\\/01\\\/motionzonen-noBG.png\",\"width\":1256,\"height\":625,\"caption\":\"Motionzonen\"},\"image\":{\"@id\":\"https:\\\/\\\/motionzonen.se\\\/#\\\/schema\\\/logo\\\/image\\\/\"}}]}<\/script>\n<!-- \/ Yoast SEO plugin. -->","yoast_head_json":{"title":"Om v\u00e5ra 50 vardags\u00e4ventyr - Motionzonen","robots":{"index":"index","follow":"follow","max-snippet":"max-snippet:-1","max-image-preview":"max-image-preview:large","max-video-preview":"max-video-preview:-1"},"canonical":"https:\/\/motionzonen.se\/en\/om-vara-50-vardagsaventyr\/","og_locale":"en_US","og_type":"article","og_title":"Om v\u00e5ra 50 vardags\u00e4ventyr - Motionzonen","og_description":"50 vardags\u00e4ventyr Om v\u00e5ra 50 vardags\u00e4ventyr I december 2015 best\u00e4mde jag och min fru Lotta att g\u00f6ra 50 enkla \u00e4ventyr under ett \u00e5r. Definitionen av \u00e4ventyr \u00e4r enligt Svenska akademiens ordlista en\u00a0o\u00advanlig, sp\u00e4nnande och farlig upp\u00adlevelse s\u00e4rsk. om (l\u00e4ngre) f\u00e4rder i av\u00adl\u00e4gsna om\u00adr\u00e5den, med in\u00adslag av upp\u00adt\u00e4ckter, strapatser.\u00a0Vi best\u00e4mde oss ist\u00e4llet f\u00f6r en egen definition [&hellip;]","og_url":"https:\/\/motionzonen.se\/en\/om-vara-50-vardagsaventyr\/","og_site_name":"Motionzonen","article_modified_time":"2023-01-26T07:47:01+00:00","og_image":[{"url":"https:\/\/motionzonen.se\/wp-content\/uploads\/2023\/01\/i286260064329053071._szw480h1280_.jpg","type":"","width":"","height":""}],"twitter_card":"summary_large_image","twitter_misc":{"Est. reading time":"2 minutes"},"schema":{"@context":"https:\/\/schema.org","@graph":[{"@type":"WebPage","@id":"https:\/\/motionzonen.se\/om-vara-50-vardagsaventyr\/","url":"https:\/\/motionzonen.se\/om-vara-50-vardagsaventyr\/","name":"Om v\u00e5ra 50 vardags\u00e4ventyr - Motionzonen","isPartOf":{"@id":"https:\/\/motionzonen.se\/#website"},"primaryImageOfPage":{"@id":"https:\/\/motionzonen.se\/om-vara-50-vardagsaventyr\/#primaryimage"},"image":{"@id":"https:\/\/motionzonen.se\/om-vara-50-vardagsaventyr\/#primaryimage"},"thumbnailUrl":"https:\/\/motionzonen.se\/wp-content\/uploads\/2023\/01\/i286260064329053071._szw480h1280_.jpg","datePublished":"2023-01-10T14:28:58+00:00","dateModified":"2023-01-26T07:47:01+00:00","breadcrumb":{"@id":"https:\/\/motionzonen.se\/om-vara-50-vardagsaventyr\/#breadcrumb"},"inLanguage":"en-US","potentialAction":[{"@type":"ReadAction","target":["https:\/\/motionzonen.se\/om-vara-50-vardagsaventyr\/"]}]},{"@type":"ImageObject","inLanguage":"en-US","@id":"https:\/\/motionzonen.se\/om-vara-50-vardagsaventyr\/#primaryimage","url":"https:\/\/motionzonen.se\/wp-content\/uploads\/2023\/01\/i286260064329053071._szw480h1280_.jpg","contentUrl":"https:\/\/motionzonen.se\/wp-content\/uploads\/2023\/01\/i286260064329053071._szw480h1280_.jpg"},{"@type":"BreadcrumbList","@id":"https:\/\/motionzonen.se\/om-vara-50-vardagsaventyr\/#breadcrumb","itemListElement":[{"@type":"ListItem","position":1,"name":"Hem","item":"https:\/\/motionzonen.se\/"},{"@type":"ListItem","position":2,"name":"Om v\u00e5ra 50 vardags\u00e4ventyr"}]},{"@type":"WebSite","@id":"https:\/\/motionzonen.se\/#website","url":"https:\/\/motionzonen.se\/","name":"Motionzonen","description":"","publisher":{"@id":"https:\/\/motionzonen.se\/#organization"},"potentialAction":[{"@type":"SearchAction","target":{"@type":"EntryPoint","urlTemplate":"https:\/\/motionzonen.se\/?s={search_term_string}"},"query-input":{"@type":"PropertyValueSpecification","valueRequired":true,"valueName":"search_term_string"}}],"inLanguage":"en-US"},{"@type":"Organization","@id":"https:\/\/motionzonen.se\/#organization","name":"Motionzonen","url":"https:\/\/motionzonen.se\/","logo":{"@type":"ImageObject","inLanguage":"en-US","@id":"https:\/\/motionzonen.se\/#\/schema\/logo\/image\/","url":"https:\/\/motionzonen.se\/wp-content\/uploads\/2023\/01\/motionzonen-noBG.png","contentUrl":"https:\/\/motionzonen.se\/wp-content\/uploads\/2023\/01\/motionzonen-noBG.png","width":1256,"height":625,"caption":"Motionzonen"},"image":{"@id":"https:\/\/motionzonen.se\/#\/schema\/logo\/image\/"}}]}},"_links":{"self":[{"href":"https:\/\/motionzonen.se\/en\/wp-json\/wp\/v2\/pages\/3889","targetHints":{"allow":["GET"]}}],"collection":[{"href":"https:\/\/motionzonen.se\/en\/wp-json\/wp\/v2\/pages"}],"about":[{"href":"https:\/\/motionzonen.se\/en\/wp-json\/wp\/v2\/types\/page"}],"author":[{"embeddable":true,"href":"https:\/\/motionzonen.se\/en\/wp-json\/wp\/v2\/users\/1"}],"replies":[{"embeddable":true,"href":"https:\/\/motionzonen.se\/en\/wp-json\/wp\/v2\/comments?post=3889"}],"version-history":[{"count":28,"href":"https:\/\/motionzonen.se\/en\/wp-json\/wp\/v2\/pages\/3889\/revisions"}],"predecessor-version":[{"id":4144,"href":"https:\/\/motionzonen.se\/en\/wp-json\/wp\/v2\/pages\/3889\/revisions\/4144"}],"wp:attachment":[{"href":"https:\/\/motionzonen.se\/en\/wp-json\/wp\/v2\/media?parent=3889"}],"curies":[{"name":"wp","href":"https:\/\/api.w.org\/{rel}","templated":true}]}}